{"id":16,"date":"2017-11-15T09:43:23","date_gmt":"2017-11-15T09:43:23","guid":{"rendered":"http:\/\/www.mayalrecyclingllc.com\/site\/?page_id=16"},"modified":"2025-07-28T19:38:34","modified_gmt":"2025-07-28T19:38:34","slug":"mayal","status":"publish","type":"page","link":"https:\/\/www.mayalrecyclingllc.com\/site\/mayal\/","title":{"rendered":"MAYAL"},"content":{"rendered":"<p><div class=\"fusion-fullwidth fullwidth-box fusion-builder-row-1 fusion-parallax-none nonhundred-percent-fullwidth non-hundred-percent-height-scrolling\" style=\"--awb-border-radius-top-left:0px;--awb-border-radius-top-right:0px;--awb-border-radius-bottom-right:0px;--awb-border-radius-bottom-left:0px;--awb-padding-top:45px;--awb-background-color:#eeeeee;--awb-background-image:url(&quot;http:\/\/www.mayalrecyclingllc.com\/site\/wp-content\/uploads\/2017\/10\/fondo-servicios-2.jpg&quot;);--awb-background-size:cover;--awb-flex-wrap:wrap;\" ><div class=\"fusion-builder-row fusion-row\"><div class=\"fusion-layout-column fusion_builder_column fusion-builder-column-0 fusion_builder_column_1_6 1_6 fusion-one-sixth fusion-column-first fusion-no-small-visibility\" style=\"--awb-bg-size:cover;width:16.666666666667%;width:calc(16.666666666667% - ( ( 4% + 4% ) * 0.16666666666667 ) );margin-right: 4%;\"><div class=\"fusion-column-wrapper fusion-flex-column-wrapper-legacy\"><div class=\"fusion-clearfix\"><\/div><\/div><\/div><div class=\"fusion-layout-column fusion_builder_column fusion-builder-column-1 fusion_builder_column_2_3 2_3 fusion-two-third fusion-animated\" style=\"--awb-bg-size:cover;--awb-margin-top:50px;--awb-margin-bottom:40px;width:66.666666666667%;width:calc(66.666666666667% - ( ( 4% + 4% ) * 0.66666666666667 ) );margin-right: 4%;\" data-animationType=\"zoomIn\" data-animationDuration=\"0.9\" data-animationOffset=\"top-into-view\"><div class=\"fusion-column-wrapper fusion-column-has-shadow fusion-flex-column-wrapper-legacy\"><div class=\"fusion-title title fusion-title-1 fusion-sep-none fusion-title-center fusion-title-text fusion-title-size-one\"><h1 class=\"fusion-title-heading title-heading-center fusion-responsive-typography-calculated\" style=\"margin:0;--fontSize:68;line-height:1.05;\"><span style=\"color: #333645;\">\u00bfQUIENES SOMOS?<\/span><\/h1><\/div><div class=\"fusion-text fusion-text-1\"><p style=\"text-align: center;\">Empresa dedicada y especializada a la compra, venta, importaci\u00f3n y exportaci\u00f3n de desperdicios industriales ferrosos y no ferrosos a precios competitivos.<\/p>\n<\/div><div class=\"fusion-clearfix\"><\/div><\/div><\/div><div class=\"fusion-layout-column fusion_builder_column fusion-builder-column-2 fusion_builder_column_1_6 1_6 fusion-one-sixth fusion-column-last fusion-no-small-visibility\" style=\"--awb-bg-size:cover;width:16.666666666667%;width:calc(16.666666666667% - ( ( 4% + 4% ) * 0.16666666666667 ) );\"><div class=\"fusion-column-wrapper fusion-flex-column-wrapper-legacy\"><div class=\"fusion-clearfix\"><\/div><\/div><\/div><\/div><\/div><div class=\"fusion-fullwidth fullwidth-box fusion-builder-row-2 fusion-parallax-none nonhundred-percent-fullwidth non-hundred-percent-height-scrolling\" style=\"--awb-border-radius-top-left:0px;--awb-border-radius-top-right:0px;--awb-border-radius-bottom-right:0px;--awb-border-radius-bottom-left:0px;--awb-padding-top:40px;--awb-padding-bottom:70px;--awb-background-color:#f2f2f2;--awb-background-image:url(&quot;http:\/\/www.mayalrecyclingllc.com\/site\/wp-content\/uploads\/2019\/04\/slide-1.jpg&quot;);--awb-background-size:cover;--awb-flex-wrap:wrap;\" ><div class=\"fusion-builder-row fusion-row\"><div class=\"fusion-layout-column fusion_builder_column fusion-builder-column-3 fusion_builder_column_1_6 1_6 fusion-one-sixth fusion-column-first fusion-no-small-visibility fusion-animated\" style=\"--awb-bg-size:cover;width:16.666666666667%;width:calc(16.666666666667% - ( ( 4% + 4% ) * 0.16666666666667 ) );margin-right: 4%;\" data-animationType=\"zoomIn\" data-animationDuration=\"0.9\" data-animationOffset=\"top-into-view\"><div class=\"fusion-column-wrapper fusion-flex-column-wrapper-legacy\"><div class=\"fusion-clearfix\"><\/div><\/div><\/div><div class=\"fusion-layout-column fusion_builder_column fusion-builder-column-4 fusion_builder_column_2_3 2_3 fusion-two-third fusion-animated\" style=\"--awb-bg-size:cover;--awb-margin-top:80px;--awb-margin-bottom:60px;width:66.666666666667%;width:calc(66.666666666667% - ( ( 4% + 4% ) * 0.66666666666667 ) );margin-right: 4%;\" data-animationType=\"zoomIn\" data-animationDuration=\"0.9\" data-animationOffset=\"top-into-view\"><div class=\"fusion-column-wrapper fusion-column-has-shadow fusion-flex-column-wrapper-legacy\"><div class=\"fusion-title title fusion-title-2 fusion-sep-none fusion-title-center fusion-title-text fusion-title-size-two\" style=\"--awb-text-color:#ffffff;--awb-margin-top:0px;\"><h2 class=\"fusion-title-heading title-heading-center fusion-responsive-typography-calculated\" style=\"margin:0;--fontSize:44;line-height:1.05;\">\u00bfPORQU\u00c9 NOSOTROS?<\/h2><\/div><div class=\"fusion-sep-clear\"><\/div><div class=\"fusion-separator\" style=\"margin-left: auto;margin-right: auto;margin-top:16px;margin-bottom:36px;width:100%;max-width:24%;\"><div class=\"fusion-separator-border sep-single\" style=\"--awb-height:20px;--awb-amount:20px;border-color:#e0dede;border-top-width:2px;\"><\/div><\/div><div class=\"fusion-sep-clear\"><\/div><div class=\"fusion-text fusion-text-2\" style=\"--awb-font-size:18px;\"><p style=\"text-align: center; color: #ffffff;\">Contamos con moderno servicio de recolecci\u00f3n, as\u00ed como con gr\u00faas de electro-im\u00e1n con las que cargamos y descargamos r\u00e1pidamente el material. Le expedimos su nota de venta donde le calculamos el importe y de forma inmediata le realizamos el pago. De forma autom\u00e1tica elaboramos la Auto factura correspondiente, de acuerdo a las disposiciones fiscales vigentes. No compramos medidores ni cable de la luz, ni rollos de cobre enteros, solamente compramos desperdicio de metal. A toda persona que traiga material robado, se turnara a las autoridades correspondientes.<\/p>\n<\/div><div class=\"fusion-sep-clear\"><\/div><div class=\"fusion-separator\" style=\"margin-left: auto;margin-right: auto;margin-bottom:20px;width:100%;max-width:24%;\"><\/div><div class=\"fusion-sep-clear\"><\/div><div class=\"fusion-aligncenter\"><a class=\"fusion-button button-flat fusion-button-default-size button-default fusion-button-default button-1 fusion-button-span-no fusion-button-default-type\" target=\"_self\" href=\"http:\/\/www.mayalrecyclingllc.com\/site\/contacto\/\"><span class=\"fusion-button-text\">CONTACTO<\/span><\/a><\/div><div class=\"fusion-clearfix\"><\/div><\/div><\/div><div class=\"fusion-layout-column fusion_builder_column fusion-builder-column-5 fusion_builder_column_1_6 1_6 fusion-one-sixth fusion-column-last fusion-no-small-visibility fusion-animated\" style=\"--awb-bg-size:cover;width:16.666666666667%;width:calc(16.666666666667% - ( ( 4% + 4% ) * 0.16666666666667 ) );\" data-animationType=\"zoomIn\" data-animationDuration=\"0.9\" data-animationOffset=\"top-into-view\"><div class=\"fusion-column-wrapper fusion-flex-column-wrapper-legacy\"><div class=\"fusion-clearfix\"><\/div><\/div><\/div><\/div><\/div><div class=\"fusion-fullwidth fullwidth-box fusion-builder-row-3 nonhundred-percent-fullwidth non-hundred-percent-height-scrolling\" style=\"--awb-background-position:center bottom;--awb-border-radius-top-left:0px;--awb-border-radius-top-right:0px;--awb-border-radius-bottom-right:0px;--awb-border-radius-bottom-left:0px;--awb-padding-top:70px;--awb-padding-bottom:50px;--awb-background-color:#eeeeee;--awb-flex-wrap:wrap;\" ><div class=\"fusion-builder-row fusion-row\"><div class=\"fusion-layout-column fusion_builder_column fusion-builder-column-6 fusion_builder_column_1_6 1_6 fusion-one-sixth fusion-column-first fusion-no-small-visibility\" style=\"--awb-bg-size:cover;width:16.666666666667%;width:calc(16.666666666667% - ( ( 4% + 4% ) * 0.16666666666667 ) );margin-right: 4%;\"><div class=\"fusion-column-wrapper fusion-flex-column-wrapper-legacy\"><div class=\"fusion-clearfix\"><\/div><\/div><\/div><div class=\"fusion-layout-column fusion_builder_column fusion-builder-column-7 fusion_builder_column_2_3 2_3 fusion-two-third\" style=\"--awb-bg-size:cover;--awb-margin-top:40px;--awb-margin-bottom:2%;width:66.666666666667%;width:calc(66.666666666667% - ( ( 4% + 4% ) * 0.66666666666667 ) );margin-right: 4%;\"><div class=\"fusion-column-wrapper fusion-column-has-shadow fusion-flex-column-wrapper-legacy\"><div class=\"fusion-title title fusion-title-3 fusion-sep-none fusion-title-center fusion-title-text fusion-title-size-two\" style=\"--awb-margin-top:0px;\"><h2 class=\"fusion-title-heading title-heading-center fusion-responsive-typography-calculated\" style=\"margin:0;--fontSize:44;line-height:1.05;\"><span style=\"color: #333645;\">SERVICIOS<\/span><\/h2><\/div><div class=\"fusion-sep-clear\"><\/div><div class=\"fusion-separator\" style=\"margin-left: auto;margin-right: auto;margin-top:16px;margin-bottom:36px;width:100%;max-width:24%;\"><div class=\"fusion-separator-border sep-single\" style=\"--awb-height:20px;--awb-amount:20px;border-color:#e0dede;border-top-width:2px;\"><\/div><\/div><div class=\"fusion-sep-clear\"><\/div><div class=\"fusion-text fusion-text-3\"><\/div><div class=\"fusion-aligncenter\"><a class=\"fusion-button button-flat fusion-button-default-size button-default fusion-button-default button-2 fusion-button-span-no fusion-button-default-type\" target=\"_self\" href=\"http:\/\/www.mayalrecyclingllc.com\/site\/servicios\/\"><span class=\"fusion-button-text\">M\u00e1s<\/span><\/a><\/div><div class=\"fusion-clearfix\"><\/div><\/div><\/div><div class=\"fusion-layout-column fusion_builder_column fusion-builder-column-8 fusion_builder_column_1_6 1_6 fusion-one-sixth fusion-column-last fusion-no-small-visibility\" style=\"--awb-bg-size:cover;width:16.666666666667%;width:calc(16.666666666667% - ( ( 4% + 4% ) * 0.16666666666667 ) );\"><div class=\"fusion-column-wrapper fusion-flex-column-wrapper-legacy\"><div class=\"fusion-clearfix\"><\/div><\/div><\/div><div class=\"fusion-layout-column fusion_builder_column fusion-builder-column-9 fusion_builder_column_1_1 1_1 fusion-one-full fusion-column-first fusion-column-last fusion-animated\" style=\"--awb-padding-top:80px;--awb-bg-size:cover;\" data-animationType=\"slideInUp\" data-animationDuration=\"1.0\" data-animationOffset=\"top-into-view\"><div class=\"fusion-column-wrapper fusion-flex-column-wrapper-legacy\"><div class=\"fusion-text fusion-text-4\"><div class=\"fusion-recent-works fusion-portfolio-element fusion-portfolio fusion-portfolio-1 fusion-portfolio-masonry fusion-portfolio-paging-load-more-button fusion-portfolio-four fusion-portfolio-no_text fusion-portfolio-rollover\" data-id=\"-rw-1\" data-columns=\"four\"><style type=\"text\/css\">.fusion-portfolio-1 .fusion-portfolio-wrapper .fusion-col-spacing{padding:7.5px;}<\/style><div class=\"fusion-portfolio-wrapper\" id=\"fusion-portfolio-1\" data-picturesize=\"auto\" data-pages=\"1\" style=\"margin:-7.5px;\"><article class=\"fusion-portfolio-post fusion-grid-sizer\"><\/article><article id=\"portfolio-1-post-141\" class=\"fusion-portfolio-post materiales servicio-especial fusion-col-spacing post-141 fusion-element-portrait\"><div class=\"fusion-portfolio-content-wrapper\" style=\"border:none;\"><span class=\"entry-title rich-snippet-hidden\">Recolecci\u00f3n<\/span><span class=\"vcard rich-snippet-hidden\"><span class=\"fn\"><a href=\"https:\/\/www.mayalrecyclingllc.com\/site\/author\/admin\/\" title=\"Entradas de admin\" rel=\"author\">admin<\/a><\/span><\/span><span class=\"updated rich-snippet-hidden\">2024-03-14T03:19:18+00:00<\/span><div  class=\"fusion-masonry-element-container fusion-image-wrapper\" style=\"background-image:url(https:\/\/www.mayalrecyclingllc.com\/site\/wp-content\/uploads\/2017\/11\/servi-recoleccion-1-vertical.jpg);padding-top:calc((100% + 15px) * 1.6);\" aria-haspopup=\"true\">\n\t\t\t\t<img decoding=\"async\" width=\"785\" height=\"1180\" src=\"https:\/\/www.mayalrecyclingllc.com\/site\/wp-content\/uploads\/2017\/11\/servi-recoleccion-1-vertical.jpg\" class=\"attachment-full size-full wp-post-image\" alt=\"\" srcset=\"https:\/\/www.mayalrecyclingllc.com\/site\/wp-content\/uploads\/2017\/11\/servi-recoleccion-1-vertical-200x301.jpg 200w, https:\/\/www.mayalrecyclingllc.com\/site\/wp-content\/uploads\/2017\/11\/servi-recoleccion-1-vertical-400x601.jpg 400w, https:\/\/www.mayalrecyclingllc.com\/site\/wp-content\/uploads\/2017\/11\/servi-recoleccion-1-vertical-600x902.jpg 600w, https:\/\/www.mayalrecyclingllc.com\/site\/wp-content\/uploads\/2017\/11\/servi-recoleccion-1-vertical.jpg 785w\" sizes=\"(min-width: 2200px) 100vw, (min-width: 856px) 284px, (min-width: 784px) 378px, (min-width: 712px) 568px, (min-width: 640px) 712px, \" \/><div class=\"fusion-rollover\">\n\t<div class=\"fusion-rollover-content\">\n\n\t\t\t\t\t\t\t\t\t\t\t\t\t\t<a class=\"fusion-rollover-link\" href=\"https:\/\/www.mayalrecyclingllc.com\/site\/projects\/recoleccion\/\">Recolecci\u00f3n<\/a>\n\t\t\t\n\t\t\t\t\t\t\t\t\n\t\t\n\t\t\t\t\t\t\t\t\t\t\t\t<h4 class=\"fusion-rollover-title\">\n\t\t\t\t\t<a class=\"fusion-rollover-title-link\" href=\"https:\/\/www.mayalrecyclingllc.com\/site\/projects\/recoleccion\/\">\n\t\t\t\t\t\tRecolecci\u00f3n\t\t\t\t\t<\/a>\n\t\t\t\t<\/h4>\n\t\t\t\n\t\t\t\t\t\t\t\t\n\t\t\n\t\t\t\t\t\t<a class=\"fusion-link-wrapper\" href=\"https:\/\/www.mayalrecyclingllc.com\/site\/projects\/recoleccion\/\" aria-label=\"Recolecci\u00f3n\"><\/a>\n\t<\/div>\n<\/div>\n<\/div>\n<\/div><\/article><article id=\"portfolio-1-post-157\" class=\"fusion-portfolio-post servicio-especial fusion-col-spacing post-157 fusion-element-landscape\"><div class=\"fusion-portfolio-content-wrapper\" style=\"border:none;\"><span class=\"entry-title rich-snippet-hidden\">Log\u00edstica<\/span><span class=\"vcard rich-snippet-hidden\"><span class=\"fn\"><a href=\"https:\/\/www.mayalrecyclingllc.com\/site\/author\/admin\/\" title=\"Entradas de admin\" rel=\"author\">admin<\/a><\/span><\/span><span class=\"updated rich-snippet-hidden\">2024-03-14T03:20:34+00:00<\/span><div  class=\"fusion-masonry-element-container fusion-image-wrapper\" style=\"background-image:url(https:\/\/www.mayalrecyclingllc.com\/site\/wp-content\/uploads\/2017\/10\/servi-logistica.jpg);padding-top:calc((100% + 15px) * 0.4 - 7.5px);\" aria-haspopup=\"true\">\n\t\t\t\t<img decoding=\"async\" width=\"1180\" height=\"700\" src=\"https:\/\/www.mayalrecyclingllc.com\/site\/wp-content\/uploads\/2017\/10\/servi-logistica.jpg\" class=\"attachment-full size-full wp-post-image\" alt=\"\" srcset=\"https:\/\/www.mayalrecyclingllc.com\/site\/wp-content\/uploads\/2017\/10\/servi-logistica-200x119.jpg 200w, https:\/\/www.mayalrecyclingllc.com\/site\/wp-content\/uploads\/2017\/10\/servi-logistica-400x237.jpg 400w, https:\/\/www.mayalrecyclingllc.com\/site\/wp-content\/uploads\/2017\/10\/servi-logistica-600x356.jpg 600w, https:\/\/www.mayalrecyclingllc.com\/site\/wp-content\/uploads\/2017\/10\/servi-logistica-800x475.jpg 800w, https:\/\/www.mayalrecyclingllc.com\/site\/wp-content\/uploads\/2017\/10\/servi-logistica.jpg 1180w\" sizes=\"(min-width: 2200px) 100vw, (min-width: 712px) 583px, (min-width: 640px) 712px, \" \/><div class=\"fusion-rollover\">\n\t<div class=\"fusion-rollover-content\">\n\n\t\t\t\t\t\t\t\t\t\t\t\t\t\t<a class=\"fusion-rollover-link\" href=\"https:\/\/www.mayalrecyclingllc.com\/site\/projects\/logistica\/\">Log\u00edstica<\/a>\n\t\t\t\n\t\t\t\t\t\t\t\t\n\t\t\n\t\t\t\t\t\t\t\t\t\t\t\t<h4 class=\"fusion-rollover-title\">\n\t\t\t\t\t<a class=\"fusion-rollover-title-link\" href=\"https:\/\/www.mayalrecyclingllc.com\/site\/projects\/logistica\/\">\n\t\t\t\t\t\tLog\u00edstica\t\t\t\t\t<\/a>\n\t\t\t\t<\/h4>\n\t\t\t\n\t\t\t\t\t\t\t\t\n\t\t\n\t\t\t\t\t\t<a class=\"fusion-link-wrapper\" href=\"https:\/\/www.mayalrecyclingllc.com\/site\/projects\/logistica\/\" aria-label=\"Log\u00edstica\"><\/a>\n\t<\/div>\n<\/div>\n<\/div>\n<\/div><\/article><article id=\"portfolio-1-post-170\" class=\"fusion-portfolio-post materiales servicio-especial fusion-col-spacing post-170 fusion-element-landscape\"><div class=\"fusion-portfolio-content-wrapper\" style=\"border:none;\"><span class=\"entry-title rich-snippet-hidden\">Proceso<\/span><span class=\"vcard rich-snippet-hidden\"><span class=\"fn\"><a href=\"https:\/\/www.mayalrecyclingllc.com\/site\/author\/admin\/\" title=\"Entradas de admin\" rel=\"author\">admin<\/a><\/span><\/span><span class=\"updated rich-snippet-hidden\">2024-03-14T03:25:41+00:00<\/span><div  class=\"fusion-masonry-element-container fusion-image-wrapper\" style=\"background-image:url(https:\/\/www.mayalrecyclingllc.com\/site\/wp-content\/uploads\/2017\/09\/servi-proceso.jpg);padding-top:calc((100% + 15px) * 0.4 - 7.5px);\" aria-haspopup=\"true\">\n\t\t\t\t<img decoding=\"async\" width=\"1180\" height=\"700\" src=\"https:\/\/www.mayalrecyclingllc.com\/site\/wp-content\/uploads\/2017\/09\/servi-proceso.jpg\" class=\"attachment-full size-full wp-post-image\" alt=\"\" srcset=\"https:\/\/www.mayalrecyclingllc.com\/site\/wp-content\/uploads\/2017\/09\/servi-proceso-200x119.jpg 200w, https:\/\/www.mayalrecyclingllc.com\/site\/wp-content\/uploads\/2017\/09\/servi-proceso-400x237.jpg 400w, https:\/\/www.mayalrecyclingllc.com\/site\/wp-content\/uploads\/2017\/09\/servi-proceso-600x356.jpg 600w, https:\/\/www.mayalrecyclingllc.com\/site\/wp-content\/uploads\/2017\/09\/servi-proceso-800x475.jpg 800w, https:\/\/www.mayalrecyclingllc.com\/site\/wp-content\/uploads\/2017\/09\/servi-proceso.jpg 1180w\" sizes=\"(min-width: 2200px) 100vw, (min-width: 712px) 583px, (min-width: 640px) 712px, \" \/><div class=\"fusion-rollover\">\n\t<div class=\"fusion-rollover-content\">\n\n\t\t\t\t\t\t\t\t\t\t\t\t\t\t<a class=\"fusion-rollover-link\" href=\"https:\/\/www.mayalrecyclingllc.com\/site\/projects\/proceso\/\">Proceso<\/a>\n\t\t\t\n\t\t\t\t\t\t\t\t\n\t\t\n\t\t\t\t\t\t\t\t\t\t\t\t<h4 class=\"fusion-rollover-title\">\n\t\t\t\t\t<a class=\"fusion-rollover-title-link\" href=\"https:\/\/www.mayalrecyclingllc.com\/site\/projects\/proceso\/\">\n\t\t\t\t\t\tProceso\t\t\t\t\t<\/a>\n\t\t\t\t<\/h4>\n\t\t\t\n\t\t\t\t\t\t\t\t\n\t\t\n\t\t\t\t\t\t<a class=\"fusion-link-wrapper\" href=\"https:\/\/www.mayalrecyclingllc.com\/site\/projects\/proceso\/\" aria-label=\"Proceso\"><\/a>\n\t<\/div>\n<\/div>\n<\/div>\n<\/div><\/article><article id=\"portfolio-1-post-183\" class=\"fusion-portfolio-post servicio-especial fusion-col-spacing post-183 fusion-element-portrait\"><div class=\"fusion-portfolio-content-wrapper\" style=\"border:none;\"><span class=\"entry-title rich-snippet-hidden\">Compra<\/span><span class=\"vcard rich-snippet-hidden\"><span class=\"fn\"><a href=\"https:\/\/www.mayalrecyclingllc.com\/site\/author\/admin\/\" title=\"Entradas de admin\" rel=\"author\">admin<\/a><\/span><\/span><span class=\"updated rich-snippet-hidden\">2024-03-14T03:29:07+00:00<\/span><div  class=\"fusion-masonry-element-container fusion-image-wrapper\" style=\"background-image:url(https:\/\/www.mayalrecyclingllc.com\/site\/wp-content\/uploads\/2017\/08\/servi-compra.jpg);padding-top:calc((100% + 15px) * 1.6);\" aria-haspopup=\"true\">\n\t\t\t\t<img decoding=\"async\" width=\"785\" height=\"1180\" src=\"https:\/\/www.mayalrecyclingllc.com\/site\/wp-content\/uploads\/2017\/08\/servi-compra.jpg\" class=\"attachment-full size-full wp-post-image\" alt=\"\" srcset=\"https:\/\/www.mayalrecyclingllc.com\/site\/wp-content\/uploads\/2017\/08\/servi-compra-200x301.jpg 200w, https:\/\/www.mayalrecyclingllc.com\/site\/wp-content\/uploads\/2017\/08\/servi-compra-400x601.jpg 400w, https:\/\/www.mayalrecyclingllc.com\/site\/wp-content\/uploads\/2017\/08\/servi-compra-600x902.jpg 600w, https:\/\/www.mayalrecyclingllc.com\/site\/wp-content\/uploads\/2017\/08\/servi-compra.jpg 785w\" sizes=\"(min-width: 2200px) 100vw, (min-width: 856px) 284px, (min-width: 784px) 378px, (min-width: 712px) 568px, (min-width: 640px) 712px, \" \/><div class=\"fusion-rollover\">\n\t<div class=\"fusion-rollover-content\">\n\n\t\t\t\t\t\t\t\t\t\t\t\t\t\t<a class=\"fusion-rollover-link\" href=\"https:\/\/www.mayalrecyclingllc.com\/site\/projects\/compra\/\">Compra<\/a>\n\t\t\t\n\t\t\t\t\t\t\t\t\n\t\t\n\t\t\t\t\t\t\t\t\t\t\t\t<h4 class=\"fusion-rollover-title\">\n\t\t\t\t\t<a class=\"fusion-rollover-title-link\" href=\"https:\/\/www.mayalrecyclingllc.com\/site\/projects\/compra\/\">\n\t\t\t\t\t\tCompra\t\t\t\t\t<\/a>\n\t\t\t\t<\/h4>\n\t\t\t\n\t\t\t\t\t\t\t\t\n\t\t\n\t\t\t\t\t\t<a class=\"fusion-link-wrapper\" href=\"https:\/\/www.mayalrecyclingllc.com\/site\/projects\/compra\/\" aria-label=\"Compra\"><\/a>\n\t<\/div>\n<\/div>\n<\/div>\n<\/div><\/article><article id=\"portfolio-1-post-196\" class=\"fusion-portfolio-post materiales fusion-col-spacing post-196 fusion-element-landscape\"><div class=\"fusion-portfolio-content-wrapper\" style=\"border:none;\"><span class=\"entry-title rich-snippet-hidden\">Venta<\/span><span class=\"vcard rich-snippet-hidden\"><span class=\"fn\"><a href=\"https:\/\/www.mayalrecyclingllc.com\/site\/author\/admin\/\" title=\"Entradas de admin\" rel=\"author\">admin<\/a><\/span><\/span><span class=\"updated rich-snippet-hidden\">2024-03-14T03:31:53+00:00<\/span><div  class=\"fusion-masonry-element-container fusion-image-wrapper\" style=\"background-image:url(https:\/\/www.mayalrecyclingllc.com\/site\/wp-content\/uploads\/2017\/07\/servi-venta.jpg);padding-top:calc((100% + 15px) * 0.4 - 7.5px);\" aria-haspopup=\"true\">\n\t\t\t\t<img decoding=\"async\" width=\"1180\" height=\"700\" src=\"https:\/\/www.mayalrecyclingllc.com\/site\/wp-content\/uploads\/2017\/07\/servi-venta.jpg\" class=\"attachment-full size-full wp-post-image\" alt=\"\" srcset=\"https:\/\/www.mayalrecyclingllc.com\/site\/wp-content\/uploads\/2017\/07\/servi-venta-200x119.jpg 200w, https:\/\/www.mayalrecyclingllc.com\/site\/wp-content\/uploads\/2017\/07\/servi-venta-400x237.jpg 400w, https:\/\/www.mayalrecyclingllc.com\/site\/wp-content\/uploads\/2017\/07\/servi-venta-600x356.jpg 600w, https:\/\/www.mayalrecyclingllc.com\/site\/wp-content\/uploads\/2017\/07\/servi-venta-800x475.jpg 800w, https:\/\/www.mayalrecyclingllc.com\/site\/wp-content\/uploads\/2017\/07\/servi-venta.jpg 1180w\" sizes=\"(min-width: 2200px) 100vw, (min-width: 712px) 583px, (min-width: 640px) 712px, \" \/><div class=\"fusion-rollover\">\n\t<div class=\"fusion-rollover-content\">\n\n\t\t\t\t\t\t\t\t\t\t\t\t\t\t<a class=\"fusion-rollover-link\" href=\"https:\/\/www.mayalrecyclingllc.com\/site\/projects\/venta\/\">Venta<\/a>\n\t\t\t\n\t\t\t\t\t\t\t\t\n\t\t\n\t\t\t\t\t\t\t\t\t\t\t\t<h4 class=\"fusion-rollover-title\">\n\t\t\t\t\t<a class=\"fusion-rollover-title-link\" href=\"https:\/\/www.mayalrecyclingllc.com\/site\/projects\/venta\/\">\n\t\t\t\t\t\tVenta\t\t\t\t\t<\/a>\n\t\t\t\t<\/h4>\n\t\t\t\n\t\t\t\t\t\t\t\t\n\t\t\n\t\t\t\t\t\t<a class=\"fusion-link-wrapper\" href=\"https:\/\/www.mayalrecyclingllc.com\/site\/projects\/venta\/\" aria-label=\"Venta\"><\/a>\n\t<\/div>\n<\/div>\n<\/div>\n<\/div><\/article><\/div><\/div>\n<\/div><div class=\"fusion-clearfix\"><\/div><\/div><\/div><\/div><\/div><\/p>\n","protected":false},"excerpt":{"rendered":"","protected":false},"author":1,"featured_media":0,"parent":0,"menu_order":0,"comment_status":"closed","ping_status":"closed","template":"100-width.php","meta":{"footnotes":""},"_links":{"self":[{"href":"https:\/\/www.mayalrecyclingllc.com\/site\/wp-json\/wp\/v2\/pages\/16"}],"collection":[{"href":"https:\/\/www.mayalrecyclingllc.com\/site\/wp-json\/wp\/v2\/pages"}],"about":[{"href":"https:\/\/www.mayalrecyclingllc.com\/site\/wp-json\/wp\/v2\/types\/page"}],"author":[{"embeddable":true,"href":"https:\/\/www.mayalrecyclingllc.com\/site\/wp-json\/wp\/v2\/users\/1"}],"replies":[{"embeddable":true,"href":"https:\/\/www.mayalrecyclingllc.com\/site\/wp-json\/wp\/v2\/comments?post=16"}],"version-history":[{"count":23,"href":"https:\/\/www.mayalrecyclingllc.com\/site\/wp-json\/wp\/v2\/pages\/16\/revisions"}],"predecessor-version":[{"id":2313,"href":"https:\/\/www.mayalrecyclingllc.com\/site\/wp-json\/wp\/v2\/pages\/16\/revisions\/2313"}],"wp:attachment":[{"href":"https:\/\/www.mayalrecyclingllc.com\/site\/wp-json\/wp\/v2\/media?parent=16"}],"curies":[{"name":"wp","href":"https:\/\/api.w.org\/{rel}","templated":true}]}}